{"id":1971,"date":"2025-03-24T15:03:55","date_gmt":"2025-03-24T15:03:55","guid":{"rendered":"https:\/\/www.cafe-grenzenlos.de\/impressum\/"},"modified":"2026-03-23T11:54:13","modified_gmt":"2026-03-23T11:54:13","slug":"imprint","status":"publish","type":"page","link":"https:\/\/www.cafe-grenzenlos.de\/en\/imprint\/","title":{"rendered":"Imprint"},"content":{"rendered":"<h3>Provider<\/h3>\n<p>Psychosozialer Verbund Treptow e.V.<br \/>\nHead Office<br \/>\nKiefholzstr. 414<br \/>\n12435 Berlin-Treptow<\/p>\n<p>Phone: 030 532162-00<br \/>\nFax: 030 532162-10<br \/>\ngeschaeftsstelle(at)psv-treptow.de<\/p>\n<p>PSV Treptow e.V. is a member of the <span style=\"color: #bb5e16;\">Parit\u00e4tischen Wohlfahrtsverband<\/span>.<\/p>\n<p>&nbsp;<\/p>\n<h3>Association Register<\/h3>\n<p>District Court Charlottenburg, VR 14774 B<\/p>\n<p>&nbsp;<\/p>\n<h3>Board<\/h3>\n<p>Lars D\u00fcsterh\u00f6ft, Chairman of the Board<br \/>\nUte Meybohm, 1. Deputy<br \/>\nStefan Voigt, 2. Deputy<\/p>\n<p>&nbsp;<\/p>\n<h3>Authorized management and responsible for website content<\/h3>\n<p>J\u00fcrgen Korth<br \/>\nPhone: 030 532162-07 \u00b7<span style=\"color: #bb5e16;\"> j.korth(at)psv-treptow.de<\/span><\/p>\n<p>&nbsp;<\/p>\n<h3>Data protection Officer<\/h3>\n<p>Peter Lange<br \/>\nSHERPA GmbH<br \/>\nHelbigstra\u00dfe 21<br \/>\n12489 Berlin<\/p>\n<p>Phone: 030 74780144<br \/>\npeter.lange(at)sherpa-gmbh.de<\/p>\n<p>&nbsp;<\/p>\n","protected":false},"excerpt":{"rendered":"<p>Provider Psychosozialer Verbund Treptow e.V. Head Office Kiefholzstr. 414 12435 Berlin-Treptow Phone: 030 532162-00 Fax: 030 532162-10 geschaeftsstelle(at)psv-treptow.de PSV Treptow e.V. is a member of the Parit\u00e4tischen Wohlfahrtsverband. &nbsp; Association Register District Court Charlottenburg, VR 14774 B &nbsp; Board Lars D\u00fcsterh\u00f6ft, Chairman of the Board Ute Meybohm, 1. Deputy Stefan Voigt, 2. Deputy &nbsp; Authorized [&hellip;]<\/p>\n","protected":false},"author":2,"featured_media":0,"parent":0,"menu_order":0,"comment_status":"closed","ping_status":"closed","template":"page-legal.php","meta":{"_acf_changed":false,"footnotes":""},"class_list":["post-1971","page","type-page","status-publish","hentry"],"acf":[],"_links":{"self":[{"href":"https:\/\/www.cafe-grenzenlos.de\/en\/wp-json\/wp\/v2\/pages\/1971","targetHints":{"allow":["GET"]}}],"collection":[{"href":"https:\/\/www.cafe-grenzenlos.de\/en\/wp-json\/wp\/v2\/pages"}],"about":[{"href":"https:\/\/www.cafe-grenzenlos.de\/en\/wp-json\/wp\/v2\/types\/page"}],"author":[{"embeddable":true,"href":"https:\/\/www.cafe-grenzenlos.de\/en\/wp-json\/wp\/v2\/users\/2"}],"replies":[{"embeddable":true,"href":"https:\/\/www.cafe-grenzenlos.de\/en\/wp-json\/wp\/v2\/comments?post=1971"}],"version-history":[{"count":4,"href":"https:\/\/www.cafe-grenzenlos.de\/en\/wp-json\/wp\/v2\/pages\/1971\/revisions"}],"predecessor-version":[{"id":2080,"href":"https:\/\/www.cafe-grenzenlos.de\/en\/wp-json\/wp\/v2\/pages\/1971\/revisions\/2080"}],"wp:attachment":[{"href":"https:\/\/www.cafe-grenzenlos.de\/en\/wp-json\/wp\/v2\/media?parent=1971"}],"curies":[{"name":"wp","href":"https:\/\/api.w.org\/{rel}","templated":true}]}}